{"id":6,"date":"2017-03-23T13:41:21","date_gmt":"2017-03-23T13:41:21","guid":{"rendered":"http:\/\/sthlmwebdesign.com\/klein\/?page_id=6"},"modified":"2017-10-04T14:03:24","modified_gmt":"2017-10-04T14:03:24","slug":"who","status":"publish","type":"page","link":"https:\/\/www.gabrielaklein.com\/de\/who\/","title":{"rendered":"Wer"},"content":{"rendered":"<p><\/p>\n<div class=\"col-sm-8\">\n<p>Gabriela Klein seit 1986 ist freiberuflich t\u00e4tig. Nach der Ausbildung bei dem Moebelfabrikant ISE SpA in Italien, widmet Sie sich dem Familienunternehmen und wird Eink\u00e4uferin f\u00fcr die amerikanische Fa. Ello Furniture Mfg Co sowie f\u00fcr die deutschen Einrichtungsh\u00e4user M\u00f6bel Kiste ,bis 2007. Gleichzeitig verkauft Sie auch Metallgestelle, die in Italien exklusiv nach Zeichnung und Vorgabe f\u00fcr die deutschen und Helvetischen B\u00fcrom\u00f6bel Produzenten hergestellt werden . Gabriela hat inzwischen 30 Jahre Erfahrung in der Beschaffung von Einrichtungsprodukte Made in Italy sowie M\u00f6belkomponenten , mit e klarem Blick f\u00fcr die Anspr\u00fcche und Stil der Kunden.<\/p>\n<p>Gabriela hat auch erprobte Kenntnisse von Materialien und deren Verarbeitung : Holz ( massiv oder furniert ) einschlie\u00dflich Wurzelholz, Glass ( auch gebogen), Marmor , Textilien , Leder und Metall in deren diversen Verarbeitung Schichten.<\/p>\n<p>Gabriela ist an enge Zusammenarbeit mit europ\u00e4ischen und amerikanischen Designer und Architekten gew\u00f6hnt: im Laufe der Jahre sammelte Sie die n\u00f6tigen Erfahrungen , um Projekte zu realisieren, von Prototypen bis zur industriellen Produktion. Seit 2007 hat Gabriela das Gesch\u00e4ft ausgedehnt und ist eine Broker geworden und leitet heute Eink\u00e4ufe, Logistik und Installation von \u201cSchl\u00fcssel fertigen \u201c Projekte.<\/p>\n<p>Ihre Neigung f\u00fcr \u00c4sthetik, die Kenntnisse von Materialien und Hersteller, die F\u00e4higkeit als Team Leiterin und die genaue Bearbeitung der Auftr\u00e4ge, erm\u00f6glichen die Realisierung von Projekten mit gr\u00f6\u00dfte Achtung auch an kleinste Details.<\/p>\n<p>Je nach Projekt bringt Gabriela Klein ein Team von Spezialisten \/Mitarbeitern zusammen, um die verlangten Zeiten und Bed\u00fcrfnisse der Kunde zu erf\u00fcllen: ist also der perfekte Partner zu anvertrauen um ein anspruchsvolles Projekt zu realisieren.<\/p>\n<\/div>\n<div class=\"col-sm-4\"><img loading=\"lazy\" decoding=\"async\" width=\"1365\" height=\"2048\" class=\"aligncenter size-full wp-image-18 img-responsive\" src=\"\/wp-content\/uploads\/2017\/03\/15325298_356710281349463_2881967280090582335_o.jpg\" alt=\"\" srcset=\"https:\/\/www.gabrielaklein.com\/wp-content\/uploads\/2017\/03\/15325298_356710281349463_2881967280090582335_o.jpg 1365w, https:\/\/www.gabrielaklein.com\/wp-content\/uploads\/2017\/03\/15325298_356710281349463_2881967280090582335_o-200x300.jpg 200w, https:\/\/www.gabrielaklein.com\/wp-content\/uploads\/2017\/03\/15325298_356710281349463_2881967280090582335_o-768x1152.jpg 768w, https:\/\/www.gabrielaklein.com\/wp-content\/uploads\/2017\/03\/15325298_356710281349463_2881967280090582335_o-683x1024.jpg 683w\" sizes=\"(max-width: 1365px) 100vw, 1365px\" \/><\/div>\n<p><\/p>","protected":false},"excerpt":{"rendered":"Gabriela Klein seit 1986 ist freiberuflich t\u00e4tig. Nach der Ausbildung bei dem Moebelfabrikant ISE SpA in Italien, widmet Sie sich dem Familienunternehmen und wird Eink\u00e4uferin f\u00fcr die amerikanische Fa. Ello Furniture Mfg Co sowie f\u00fcr die deutschen Einrichtungsh\u00e4user M\u00f6bel Kiste ,bis 2007. Gleichzeitig verkauft Sie auch Metallgestelle, die in Italien exklusiv nach Zeichnung und Vorgabe [&hellip;]","protected":false},"author":2,"featured_media":0,"parent":0,"menu_order":2,"comment_status":"closed","ping_status":"closed","template":"","meta":{"footnotes":""},"class_list":["post-6","page","type-page","status-publish","hentry"],"_links":{"self":[{"href":"https:\/\/www.gabrielaklein.com\/de\/wp-json\/wp\/v2\/pages\/6"}],"collection":[{"href":"https:\/\/www.gabrielaklein.com\/de\/wp-json\/wp\/v2\/pages"}],"about":[{"href":"https:\/\/www.gabrielaklein.com\/de\/wp-json\/wp\/v2\/types\/page"}],"author":[{"embeddable":true,"href":"https:\/\/www.gabrielaklein.com\/de\/wp-json\/wp\/v2\/users\/2"}],"replies":[{"embeddable":true,"href":"https:\/\/www.gabrielaklein.com\/de\/wp-json\/wp\/v2\/comments?post=6"}],"version-history":[{"count":8,"href":"https:\/\/www.gabrielaklein.com\/de\/wp-json\/wp\/v2\/pages\/6\/revisions"}],"predecessor-version":[{"id":86,"href":"https:\/\/www.gabrielaklein.com\/de\/wp-json\/wp\/v2\/pages\/6\/revisions\/86"}],"wp:attachment":[{"href":"https:\/\/www.gabrielaklein.com\/de\/wp-json\/wp\/v2\/media?parent=6"}],"curies":[{"name":"wp","href":"https:\/\/api.w.org\/{rel}","templated":true}]}}