{"id":114,"date":"2017-10-05T07:17:47","date_gmt":"2017-10-05T07:17:47","guid":{"rendered":"http:\/\/www.gabrielaklein.com\/?page_id=114"},"modified":"2020-10-13T12:36:25","modified_gmt":"2020-10-13T12:36:25","slug":"cookie-policy","status":"publish","type":"page","link":"https:\/\/www.gabrielaklein.com\/it\/cookie-policy\/","title":{"rendered":"Cookie policy"},"content":{"rendered":"<p><span style=\"font-size: 22px;\">Cosa sono i cookie<\/span><\/p>\n<p>Un cookie \u00e8 un breve testo inviato al tuo browser da un sito web visitato. Consente al sito di memorizzare informazioni sulla tua visita, come la tua lingua preferita e altre impostazioni. Ci\u00f2 pu\u00f2 facilitare la tua visita successiva e aumentare l&#8217;utilit\u00e0 del sito.<br \/>\nI cookie vengono utilizzati per vari scopi ad esempio per memorizzare le tue preferenze, per contare il numero di visitatori, per le procedure di registrazione e autenticazione, etc..<\/p>\n<p><span style=\"font-size: 22px;\">Tipologie di Cookie utilizzati<\/span><\/p>\n<p>Gabrielaklein.com utilizza i cookie esclusivamente per le seguenti finalit\u00e0 d\u2019uso:<\/p>\n<p><strong>Cookie analitici<\/strong><br \/>\nQuesti cookie sono utilizzati da Google Analytics per elaborare analisi statistiche sulle modalit\u00e0 di navigazione degli utenti sul sito attraverso i computer o le applicazioni mobile, sul numero di pagine visitate o il numero di click effettuati su una pagina durante la navigazione di un sito.<\/p>\n<p><strong>Cookie tecnici di navigazione \/ sessione<\/strong><br \/>\nQuesti cookie garantiscono il corretto funzionamento e navigazione nel sito (cookie di sessione &#8211; vengono distrutti ogni volta che il browser viene chiuso). Questi cookie, inviati sempre dal nostro dominio, sono necessari a visualizzare correttamente il sito ed a mantenere la lingua, verranno quindi sempre utilizzati e inviati, a meno che l\u2019utenza non modifichi le impostazioni nel proprio browser (inficiando cos\u00ec la visualizzazione delle pagine del sito).<\/p>\n<p><span style=\"font-size: 22px;\">Siti Web e servizi di terze parti<\/span><\/p>\n<p>Il sito Gabrielaklein.com potrebbe contenere collegamenti ad altri siti Web che dispongono di una propria informativa sulla privacy che pu\u00f2 essere diverse da quella adottata da Gabrielaklein.com e che che quindi non risponde di questi siti.<\/p>\n<p><span style=\"font-size: 22px;\">Cookie utilizzati<\/span><\/p>\n<p>A seguire la lista di cookie utilizzati da Gabrielaklein.com:<\/p>\n<p><b>Nome cookie:<\/b> __utmz<br \/>\n<b>Utilizzo:<\/b> Utilizzato dal servizio Google Analytics. Informazioni dettagliate sull&#8217;uso dei cookie da parte di Google Analytics: <a href=\"https:\/\/developers.google.com\/analytics\/devguides\/collection\/analyticsjs\/cookie-usage\" target=\"_blank\" rel=\"noopener noreferrer\">https:\/\/developers.google.com\/analytics\/devguides\/collection\/analyticsjs\/cookie-usage<\/a><br \/>\n<b>Durata:<\/b> 6 mesi<\/p>\n<p><b>Nome cookie:<\/b> __utmc<br \/>\n<b>Utilizzo:<\/b> Utilizzato dal servizio Google Analytics. Informazioni dettagliate sull&#8217;uso dei cookie da parte di Google Analytics: <a href=\"https:\/\/developers.google.com\/analytics\/devguides\/collection\/analyticsjs\/cookie-usage\" target=\"_blank\" rel=\"noopener noreferrer\"> https:\/\/developers.google.com\/analytics\/devguides\/collection\/analyticsjs\/cookie-usage<\/a><br \/>\n<b>Durata:<\/b> Fino alla chiusura del browser (sessione)<\/p>\n<p><b>Nome cookie:<\/b> __utmb<br \/>\n<b>Utilizzo:<\/b> Utilizzato dal servizio Google Analytics. Informazioni dettagliate sull&#8217;uso dei cookie da parte di Google Analytics: <a href=\"https:\/\/developers.google.com\/analytics\/devguides\/collection\/analyticsjs\/cookie-usage\" target=\"_blank\" rel=\"noopener noreferrer\"> https:\/\/developers.google.com\/analytics\/devguides\/collection\/analyticsjs\/cookie-usage<\/a><br \/>\n<b>Durata:<\/b> 30 minuti<\/p>\n<p><b>Nome cookie:<\/b> __utma<br \/>\n<b>Utilizzo:<\/b> Utilizzato dal servizio Google Analytics. Informazioni dettagliate sull&#8217;uso dei cookie da parte di Google Analytics: <a href=\"https:\/\/developers.google.com\/analytics\/devguides\/collection\/analyticsjs\/cookie-usage\" target=\"_blank\" rel=\"noopener noreferrer\"> https:\/\/developers.google.com\/analytics\/devguides\/collection\/analyticsjs\/cookie-usage<\/a><br \/>\n<b>Durata:<\/b> 2 anni<\/p>\n<p><b>Nome cookie:<\/b> __utmt<br \/>\n<b>Utilizzo:<\/b> Utilizzato dal servizio Google Analytics. Informazioni dettagliate sull&#8217;uso dei cookie da parte di Google Analytics: <a href=\"https:\/\/developers.google.com\/analytics\/devguides\/collection\/analyticsjs\/cookie-usage\" target=\"_blank\" rel=\"noopener noreferrer\"> https:\/\/developers.google.com\/analytics\/devguides\/collection\/analyticsjs\/cookie-usage<\/a><br \/>\n<b>Durata:<\/b> 10 minuti <b>Nome cookie:<\/b> displayCookieConsent<br \/>\n<b>Utilizzo:<\/b> gestisce la visualizzazione dell&#8217;informativa breve sull&#8217;utilizzo dei cookie<br \/>\n<b>Durata:<\/b> 12 mesi<\/p>\n<p><b>Nome cookie:<\/b> PHPSESSID<br \/>\n<b>Utilizzo:<\/b> gestisce il corretto funzionamento del sito dal punto di vista della navigazione e della lingua attiva<br \/>\n<b>Durata:<\/b> Fino alla chiusura del browser (sessione)<\/p>\n<p><span style=\"font-size: 22px;\">Come disabilitare i cookie mediante configurazione del browser<\/span><\/p>\n<p>La maggior parte dei browser (Internet Explorer, Firefox, etc.) sono configurati per accettare i cookie. Tuttavia, la maggior parte dei browser permette di controllare e anche disabilitare i cookie attraverso le impostazioni del browser. Ti ricordiamo per\u00f2 che disabilitare i cookie di navigazione o quelli funzionali pu\u00f2 causare il malfunzionamento del sito e\/o limitare il servizio offerto.<br \/>\nPer modificare le impostazioni, segui il procedimento indicato dai vari browser che trovi alle voci \u201cOpzioni\u201d o \u201cPreferenze\u201d.<\/p>\n<p>Per saperne di pi\u00f9 riguardo ai cookie leggi la normativa: <a href=\"http:\/\/www.garanteprivacy.it\/web\/guest\/home\/docweb\/-\/docweb-display\/docweb\/3167231\" target=\"_blank\" rel=\"noopener noreferrer\">http:\/\/www.garanteprivacy.it\/web\/guest\/home\/docweb\/-\/docweb-display\/docweb\/3167231<\/a><\/p>","protected":false},"excerpt":{"rendered":"Cosa sono i cookie Un cookie \u00e8 un breve testo inviato al tuo browser da un sito web visitato. Consente al sito di memorizzare informazioni sulla tua visita, come la tua lingua preferita e altre impostazioni. Ci\u00f2 pu\u00f2 facilitare la tua visita successiva e aumentare l&#8217;utilit\u00e0 del sito. I cookie vengono utilizzati per vari scopi [&hellip;]","protected":false},"author":2,"featured_media":0,"parent":0,"menu_order":0,"comment_status":"closed","ping_status":"closed","template":"","meta":{"footnotes":""},"class_list":["post-114","page","type-page","status-publish","hentry"],"_links":{"self":[{"href":"https:\/\/www.gabrielaklein.com\/it\/wp-json\/wp\/v2\/pages\/114"}],"collection":[{"href":"https:\/\/www.gabrielaklein.com\/it\/wp-json\/wp\/v2\/pages"}],"about":[{"href":"https:\/\/www.gabrielaklein.com\/it\/wp-json\/wp\/v2\/types\/page"}],"author":[{"embeddable":true,"href":"https:\/\/www.gabrielaklein.com\/it\/wp-json\/wp\/v2\/users\/2"}],"replies":[{"embeddable":true,"href":"https:\/\/www.gabrielaklein.com\/it\/wp-json\/wp\/v2\/comments?post=114"}],"version-history":[{"count":3,"href":"https:\/\/www.gabrielaklein.com\/it\/wp-json\/wp\/v2\/pages\/114\/revisions"}],"predecessor-version":[{"id":437,"href":"https:\/\/www.gabrielaklein.com\/it\/wp-json\/wp\/v2\/pages\/114\/revisions\/437"}],"wp:attachment":[{"href":"https:\/\/www.gabrielaklein.com\/it\/wp-json\/wp\/v2\/media?parent=114"}],"curies":[{"name":"wp","href":"https:\/\/api.w.org\/{rel}","templated":true}]}}