{"id":81,"date":"2017-10-04T14:00:20","date_gmt":"2017-10-04T14:00:20","guid":{"rendered":"http:\/\/www.gabrielaklein.com\/?page_id=81"},"modified":"2017-10-04T14:01:26","modified_gmt":"2017-10-04T14:01:26","slug":"privacy","status":"publish","type":"page","link":"https:\/\/www.gabrielaklein.com\/it\/privacy\/","title":{"rendered":"Privacy"},"content":{"rendered":"<p><span style=\"font-size: 22px;\">Informazioni sulla tutela dei dati personali ex art. 13 D.lgs 196\/03<\/span><\/p>\n<p>I dati personali raccolti in questo form ed ogni altra eventuale informazione a Lei associabile, direttamente od indirettamente, sono trattati ed utilizzati in conformit\u00e0 al Decreto Legislativo n. 196\/2003 (&#8220;Codice in materia di protezione dei dati personali&#8221;).<\/p>\n<p>Ai sensi e per gli effetti dell&#8217;articolo 13 del Codice, Gabriela Klein &#8211; Furniture Broker La informa che i dati da Lei forniti sono trattati mediante strumenti e procedure informatiche, per le seguenti finalit\u00e0:<\/p>\n<ul>\n<li>rispondere ai quesiti da Lei formulati<\/li>\n<li>tenere un data base delle domande, proposte, comunicazioni pi\u00f9 frequenti<\/li>\n<\/ul>\n<p>Il conferimento dei Dati di Registrazione ha natura obbligatoria e il mancato conferimento, anche parziale, dei dati indicati espressamente come necessari per il perseguimento delle finalit\u00e0 determiner\u00e0 l&#8217;impossibilit\u00e0 per di rispondere ai Suoi quesiti.<\/p>\n<p>I dati da Lei forniti potranno essere esclusivamente conosciuti dai dipendenti della Gabriela Klein &#8211; Furniture Broker specificatamente autorizzati a trattare tali dati in qualit\u00e0 di incaricati al trattamento ex art. 30 d.lgs 196\/03, al solo fine di perfezionare le attivit\u00e0 da Lei richieste. Gli incaricati sono tenuti al segreto e alla riservatezza anche sulla base di apposito regolamento interno.<\/p>\n<p>In ogni caso i dati non saranno mai diffusi.<\/p>\n<p>Il titolare del trattamento \u00e8 Gabriela Klein &#8211; Furniture Broker &#8211; Via Tomadini, 29 &#8211; 33100 Udine &#8211; Italy\u00a0&#8211; Tel. +39 0432 229662. In ogni momento potr\u00e0 esercitare i Suoi diritti nei confronti del titolare del trattamento, ai sensi dell&#8217;art. 7 del D.lgs.196\/2003, che per Sua comodit\u00e0 riproduciamo integralmente:<br \/>\n<span style=\"font-size: 22px;\">Decreto Legislativo n. 196\/2003<\/span><\/p>\n<p>Art. 7 &#8211; Diritto di accesso ai dati personali ed altri diritti<\/p>\n<ol>\n<li>L&#8217;interessato ha diritto di ottenere la conferma dell&#8217;esistenza o meno di dati personali che lo riguardano, anche se non ancora registrati, e la loro comunicazione in forma intelligibile.<\/li>\n<li>L&#8217;interessato ha diritto di ottenere l&#8217;indicazione:\n<ol type=\"a\">\n<li>dell&#8217;origine dei dati personali;<\/li>\n<li>delle finalit\u00e0 e modalit\u00e0 del trattamento;<\/li>\n<li>della logica applicata in caso di trattamento effettuato con l&#8217;ausilio di strumenti elettronici;<\/li>\n<li>degli estremi identificativi del titolare, dei responsabili e del rappresentante designato ai sensi dell&#8217;articolo 5, comma 2;<\/li>\n<li>dei soggetti o delle categorie di soggetti ai quali i dati personali possono essere comunicati o che possono venirne a conoscenza in qualit\u00e0 di rappresentante designato nel territorio dello Stato, di responsabili o incaricati.<\/li>\n<\/ol>\n<\/li>\n<li>L&#8217;interessato ha diritto di ottenere:\n<ol type=\"a\">\n<li>l&#8217;aggiornamento, la rettificazione ovvero, quando vi ha interesse, l&#8217;integrazione dei dati;<\/li>\n<li>la cancellazione, la trasformazione in forma anonima o il blocco dei dati trattati in violazione di legge, compresi quelli di cui non \u00e8 necessaria la conservazione in relazione agli scopi per i quali i dati sono stati raccolti o successivamente trattati;<\/li>\n<li>l&#8217;attestazione che le operazioni di cui alle lettere a) e b) sono state portate a conoscenza, anche per quanto riguarda il loro contenuto, di coloro ai quali i dati sono stati comunicati o diffusi, eccettuato il caso in cui tale adempimento si rivela impossibile o comporta un impiego di mezzi manifestamente sproporzionato rispetto al diritto tutelato.<\/li>\n<\/ol>\n<\/li>\n<li>L&#8217;interessato ha diritto di opporsi, in tutto o in parte:\n<ol type=\"a\">\n<li>per motivi legittimi al trattamento dei dati personali che lo riguardano, ancorch\u00e9 pertinenti allo scopo della raccolta;<\/li>\n<li>al trattamento di dati personali che lo riguardano a fini di invio di materiale pubblicitario o di vendita diretta o per il compimento di ricerche di mercato o di comunicazione commerciale.<\/li>\n<\/ol>\n<\/li>\n<\/ol>\n<p><\/p>","protected":false},"excerpt":{"rendered":"Informazioni sulla tutela dei dati personali ex art. 13 D.lgs 196\/03 I dati personali raccolti in questo form ed ogni altra eventuale informazione a Lei associabile, direttamente od indirettamente, sono trattati ed utilizzati in conformit\u00e0 al Decreto Legislativo n. 196\/2003 (&#8220;Codice in materia di protezione dei dati personali&#8221;). Ai sensi e per gli effetti dell&#8217;articolo [&hellip;]","protected":false},"author":2,"featured_media":0,"parent":0,"menu_order":0,"comment_status":"closed","ping_status":"closed","template":"","meta":{"footnotes":""},"class_list":["post-81","page","type-page","status-publish","hentry"],"_links":{"self":[{"href":"https:\/\/www.gabrielaklein.com\/it\/wp-json\/wp\/v2\/pages\/81"}],"collection":[{"href":"https:\/\/www.gabrielaklein.com\/it\/wp-json\/wp\/v2\/pages"}],"about":[{"href":"https:\/\/www.gabrielaklein.com\/it\/wp-json\/wp\/v2\/types\/page"}],"author":[{"embeddable":true,"href":"https:\/\/www.gabrielaklein.com\/it\/wp-json\/wp\/v2\/users\/2"}],"replies":[{"embeddable":true,"href":"https:\/\/www.gabrielaklein.com\/it\/wp-json\/wp\/v2\/comments?post=81"}],"version-history":[{"count":3,"href":"https:\/\/www.gabrielaklein.com\/it\/wp-json\/wp\/v2\/pages\/81\/revisions"}],"predecessor-version":[{"id":84,"href":"https:\/\/www.gabrielaklein.com\/it\/wp-json\/wp\/v2\/pages\/81\/revisions\/84"}],"wp:attachment":[{"href":"https:\/\/www.gabrielaklein.com\/it\/wp-json\/wp\/v2\/media?parent=81"}],"curies":[{"name":"wp","href":"https:\/\/api.w.org\/{rel}","templated":true}]}}